{"id":2,"date":"2024-01-09T17:26:14","date_gmt":"2024-01-09T17:26:14","guid":{"rendered":"https:\/\/angeldehesac.com\/wordpress\/?page_id=2"},"modified":"2024-06-19T01:10:16","modified_gmt":"2024-06-19T01:10:16","slug":"sample-page","status":"publish","type":"page","link":"https:\/\/angeldehesac.com\/","title":{"rendered":"La Facultad de la Felicidad"},"content":{"rendered":"\n<div class=\"wp-block-media-text is-stacked-on-mobile\"><figure class=\"wp-block-media-text__media\"><img loading=\"lazy\" decoding=\"async\" width=\"800\" height=\"800\" src=\"https:\/\/angeldehesac.com\/wp-content\/uploads\/2024\/01\/facebook_1704823818784_7150549362422427981.jpg\" alt=\"\" class=\"wp-image-7 size-full\" srcset=\"https:\/\/angeldehesac.com\/wp-content\/uploads\/2024\/01\/facebook_1704823818784_7150549362422427981.jpg 800w, https:\/\/angeldehesac.com\/wp-content\/uploads\/2024\/01\/facebook_1704823818784_7150549362422427981-300x300.jpg 300w, https:\/\/angeldehesac.com\/wp-content\/uploads\/2024\/01\/facebook_1704823818784_7150549362422427981-150x150.jpg 150w, https:\/\/angeldehesac.com\/wp-content\/uploads\/2024\/01\/facebook_1704823818784_7150549362422427981-768x768.jpg 768w, https:\/\/angeldehesac.com\/wp-content\/uploads\/2024\/01\/facebook_1704823818784_7150549362422427981-600x600.jpg 600w\" sizes=\"auto, (max-width: 800px) 100vw, 800px\" \/><\/figure><div class=\"wp-block-media-text__content\">\n<p><em>Soy \u00c1ngel Dehesa. Curador de emociones. Sanador de Sentimientos. Coach de vida<\/em><\/p>\n<\/div><\/div>\n\n\n\n<p class=\"has-text-align-center has-white-color has-black-background-color has-text-color has-background has-link-color has-medium-font-size wp-elements-511258d40f79ea62c6e8f416cc4b75fa\"><em>Ay\u00fadame a cumplir mi plan de felicidad ayud\u00e1ndote a construir el tuyo<\/em><\/p>\n\n\n\n<div class=\"wp-block-ninjateam-nta-whatsapp\"><\/div>\n","protected":false},"excerpt":{"rendered":"<p>Soy \u00c1ngel Dehesa. Curador de emociones. Sanador de Sentimientos. Coach de vida Ay\u00fadame a cumplir mi plan de felicidad ayud\u00e1ndote a construir el tuyo<\/p>\n","protected":false},"author":1,"featured_media":0,"parent":0,"menu_order":0,"comment_status":"closed","ping_status":"closed","template":"","meta":{"footnotes":""},"class_list":["post-2","page","type-page","status-publish","hentry"],"jetpack_sharing_enabled":true,"_links":{"self":[{"href":"https:\/\/angeldehesac.com\/index.php\/wp-json\/wp\/v2\/pages\/2","targetHints":{"allow":["GET"]}}],"collection":[{"href":"https:\/\/angeldehesac.com\/index.php\/wp-json\/wp\/v2\/pages"}],"about":[{"href":"https:\/\/angeldehesac.com\/index.php\/wp-json\/wp\/v2\/types\/page"}],"author":[{"embeddable":true,"href":"https:\/\/angeldehesac.com\/index.php\/wp-json\/wp\/v2\/users\/1"}],"replies":[{"embeddable":true,"href":"https:\/\/angeldehesac.com\/index.php\/wp-json\/wp\/v2\/comments?post=2"}],"version-history":[{"count":7,"href":"https:\/\/angeldehesac.com\/index.php\/wp-json\/wp\/v2\/pages\/2\/revisions"}],"predecessor-version":[{"id":350,"href":"https:\/\/angeldehesac.com\/index.php\/wp-json\/wp\/v2\/pages\/2\/revisions\/350"}],"wp:attachment":[{"href":"https:\/\/angeldehesac.com\/index.php\/wp-json\/wp\/v2\/media?parent=2"}],"curies":[{"name":"wp","href":"https:\/\/api.w.org\/{rel}","templated":true}]}}